{"id":181,"date":"2023-11-18T23:08:32","date_gmt":"2023-11-18T20:08:32","guid":{"rendered":"https:\/\/gulfilaclama.com\/index.php\/hakkimizda\/"},"modified":"2023-11-19T00:02:01","modified_gmt":"2023-11-18T21:02:01","slug":"hakkimizda","status":"publish","type":"page","link":"https:\/\/gulfilaclama.com\/index.php\/hakkimizda\/","title":{"rendered":"Hakk\u0131m\u0131zda"},"content":{"rendered":"\n\n\n\n\n\n\n\n\n\nG\u00fcvenceniz Gulfilaclama olsun.\n\n\n\nGulf \u0130la\u00e7lama olarak; tecr\u00fcbelerimiz ve bilgiler do\u011frultusunda, ila\u00e7lama, f\u00fcmigasyon, lashing ve g\u00f6zetim alanlar\u0131nda\u00a0<strong>y\u00fcksek hijyen standartlar\u0131<\/strong>n da g\u00fcvenilir hizmetler vermekteyiz.\n\n\n\nT\u00fcm hizmetlerimiz\u00a0<strong>uluslararas\u0131 ila\u00e7lama standartlar\u0131<\/strong>\u00a0ile m\u00fc\u015fterilerimizin sorunlar\u0131na\u00a0<strong>profesyonel yakla\u015f\u0131m ve b\u00fct\u00e7enize uygun \u00e7\u00f6z\u00fcmler<\/strong>\u00a0\u00fcretmek amac\u0131yla teknolojiyi yak\u0131ndan takip ederek \u00e7al\u0131\u015fmaktay\u0131z.\n\n\n\n\n\n\n\n\n\nBinlerce m\u00fc\u015fterimize\u00a0<strong>en uygun fiyat, h\u0131zl\u0131 ve % 100 garantili hizmet<\/strong>\u00a0ula\u015ft\u0131rmaktay\u0131z. Sizleri rahats\u0131z eden hastal\u0131k bula\u015ft\u0131rma riski olan ha\u015fere ve b\u00f6ceklerden kurtulmak,\u00a0<strong>detayl\u0131 bilgi ve randevu olu\u015fturmak i\u00e7in bizimle ileti\u015fime ge\u00e7ebilirsiniz.<\/strong>\n\n\n\nGulfilaclama uzman kadrosuyla birlikte t\u00fcm f\u00fcmigasyon, lashing ve g\u00f6zetim operasyonlar\u0131 en profesyonel \u015fekilde sa\u011flanmaktad\u0131r.\n\n\n\n\n\n\n\n\n\n\n\n\n\n\n\nHizmet Alanlar\u0131m\u0131z\n\n\n\n\n\n\n\n\n\n\n\n\n\nF\u00dcM\u0130GASYON\n\n\n\nGulf \u0130laclama olarak amac\u0131m\u0131z zararl\u0131 etmenleri (mantar, b\u00f6cek, bakteri vb.) gibi canlar\u0131n \u00fcremesini \u00f6nlemek ve \u00f6ld\u00fcrmek amac\u0131 ile kapal\u0131 bir ortamda&#8230;..\n\n\n\n\nDEVAMINI OKU&#8230;\n\n\n\n\n\n\n\n\n\n\n\n\nLASH\u0130NG\n\n\n\nGulf Lashing olarak hedefledi\u011fimiz amac\u0131m\u0131z \u00fcr\u00fcnleriniz (kara, deniz, demiryolu) vb. ta\u015f\u0131ma t\u00fcrlerinde devrilip yada sars\u0131nt\u0131 esnas\u0131nda hasar g\u00f6rmemesi&#8230;\n\n\n\n\nDEVAMINI OKU&#8230;\n\n\n\n\n\n\n\n\n\n\n\n\nG\u00d6ZET\u0130M\n\n\n\nGulf G\u00f6zetim siz de\u011ferli m\u00fc\u015fterilerimizin sahadaki g\u00f6z\u00fc olmak i\u00e7in \u00e7abal\u0131yoruz.\u00dcr\u00fcnlerinizin saha i\u00e7erisinde&#8230;.\n\n\n\n\nDEVAMINI OKU&#8230;\n\n\n\n\n\n\n\n\n\n\n\n\nGulf \u0130la\u00e7lama Hizmetleri\n\n\n\n\n\nBize Ula\u015f\u0131n\n\n\n\n\n\n\n\n\n\n\n\n\n\n","protected":false},"excerpt":{"rendered":"","protected":false},"author":1,"featured_media":0,"parent":0,"menu_order":0,"comment_status":"closed","ping_status":"closed","template":"full-width","meta":{"om_disable_all_campaigns":false,"_monsterinsights_skip_tracking":false,"_monsterinsights_sitenote_active":false,"_monsterinsights_sitenote_note":"","_monsterinsights_sitenote_category":0,"_themeisle_gutenberg_block_has_review":false,"footnotes":""},"aioseo_notices":[],"_links":{"self":[{"href":"https:\/\/gulfilaclama.com\/index.php\/wp-json\/wp\/v2\/pages\/181"}],"collection":[{"href":"https:\/\/gulfilaclama.com\/index.php\/wp-json\/wp\/v2\/pages"}],"about":[{"href":"https:\/\/gulfilaclama.com\/index.php\/wp-json\/wp\/v2\/types\/page"}],"author":[{"embeddable":true,"href":"https:\/\/gulfilaclama.com\/index.php\/wp-json\/wp\/v2\/users\/1"}],"replies":[{"embeddable":true,"href":"https:\/\/gulfilaclama.com\/index.php\/wp-json\/wp\/v2\/comments?post=181"}],"version-history":[{"count":5,"href":"https:\/\/gulfilaclama.com\/index.php\/wp-json\/wp\/v2\/pages\/181\/revisions"}],"predecessor-version":[{"id":211,"href":"https:\/\/gulfilaclama.com\/index.php\/wp-json\/wp\/v2\/pages\/181\/revisions\/211"}],"wp:attachment":[{"href":"https:\/\/gulfilaclama.com\/index.php\/wp-json\/wp\/v2\/media?parent=181"}],"curies":[{"name":"wp","href":"https:\/\/api.w.org\/{rel}","templated":true}]}}