{"id":167,"date":"2023-11-18T16:41:00","date_gmt":"2023-11-18T13:41:00","guid":{"rendered":"https:\/\/gulfilaclama.com\/index.php\/gozetim\/"},"modified":"2023-11-18T16:43:18","modified_gmt":"2023-11-18T13:43:18","slug":"gozetim","status":"publish","type":"page","link":"https:\/\/gulfilaclama.com\/index.php\/gozetim\/","title":{"rendered":"G\u00f6zetim"},"content":{"rendered":"\n\n\n\nUzman kadromuzla sahada sizin g\u00f6z\u00fcn\u00fcz olarak g\u00f6revdeyiz.\n\n\n\nGulf G\u00f6zetim siz de\u011ferli m\u00fc\u015fterilerimizin sahadaki g\u00f6z\u00fc olmak i\u00e7in \u00e7abal\u0131yoruz.\u00dcr\u00fcnlerinizin saha i\u00e7erisinde herhangi bir ihmal yada hatadan hasar almamas\u0131 i\u00e7in sahada uzman kadromuz son derece dikkatli \u015fekilde o an\u0131 takip ederken herhangi bir sorun meydana gelmeden \u00f6ng\u00f6r\u00fcde bulunarak m\u00fcdaheleye haz\u0131r \u015fekilde bekliyorlar.\n\n\n\n\n\n\n\n","protected":false},"excerpt":{"rendered":"","protected":false},"author":1,"featured_media":0,"parent":0,"menu_order":0,"comment_status":"closed","ping_status":"closed","template":"full-width","meta":{"om_disable_all_campaigns":false,"_monsterinsights_skip_tracking":false,"_monsterinsights_sitenote_active":false,"_monsterinsights_sitenote_note":"","_monsterinsights_sitenote_category":0,"_themeisle_gutenberg_block_has_review":false,"footnotes":""},"aioseo_notices":[],"_links":{"self":[{"href":"https:\/\/gulfilaclama.com\/index.php\/wp-json\/wp\/v2\/pages\/167"}],"collection":[{"href":"https:\/\/gulfilaclama.com\/index.php\/wp-json\/wp\/v2\/pages"}],"about":[{"href":"https:\/\/gulfilaclama.com\/index.php\/wp-json\/wp\/v2\/types\/page"}],"author":[{"embeddable":true,"href":"https:\/\/gulfilaclama.com\/index.php\/wp-json\/wp\/v2\/users\/1"}],"replies":[{"embeddable":true,"href":"https:\/\/gulfilaclama.com\/index.php\/wp-json\/wp\/v2\/comments?post=167"}],"version-history":[{"count":1,"href":"https:\/\/gulfilaclama.com\/index.php\/wp-json\/wp\/v2\/pages\/167\/revisions"}],"predecessor-version":[{"id":170,"href":"https:\/\/gulfilaclama.com\/index.php\/wp-json\/wp\/v2\/pages\/167\/revisions\/170"}],"wp:attachment":[{"href":"https:\/\/gulfilaclama.com\/index.php\/wp-json\/wp\/v2\/media?parent=167"}],"curies":[{"name":"wp","href":"https:\/\/api.w.org\/{rel}","templated":true}]}}