{"id":134,"date":"2023-11-18T15:50:05","date_gmt":"2023-11-18T12:50:05","guid":{"rendered":"https:\/\/gulfilaclama.com\/index.php\/fumigasyon\/"},"modified":"2023-11-18T16:40:22","modified_gmt":"2023-11-18T13:40:22","slug":"fumigasyon","status":"publish","type":"page","link":"https:\/\/gulfilaclama.com\/index.php\/fumigasyon\/","title":{"rendered":"F\u00fcmigasyon"},"content":{"rendered":"\n\n\n\nGulf \u0130laclama olarak amac\u0131m\u0131z zararl\u0131 etmenleri (mantar, b\u00f6cek, bakteri vb.) gibi canlar\u0131n \u00fcremesini \u00f6nlemek ve \u00f6ld\u00fcrmek amac\u0131 ile kapal\u0131 bir ortamda (Konteyner, \u00c7ad\u0131r alt\u0131 vb.) gaz halinde kimyasal bir madde (Fumigant) kullanarak fumigasyon i\u015flemini tamamlamak, bu a\u015famada gerekli \u00e7evresel \u00f6nlemleri \u00fcst seviyede alarak sa\u011fl\u0131kl\u0131 bir i\u015flem ger\u00e7ekle\u015ftirmektir.\n\n\n\n\n\n\n\n\n\n\n\n\n\n\n\n<span style=\"color:#000000\" class=\"kubio-has-inline-color\">Kulland\u0131\u011f\u0131m\u0131z fumigantlar;<\/span>\n\n\n\nAl\u00fcminyum Fosfit (AlP),<br>S\u00fclf\u00fcril Flor\u00fcr\/Sulfuryl Floride (SO2F2),<br>Metil Brom\u00fcr\/Methyl Bromide (CH3Br),<br>Magnezyum Fosfit (Mg3P),<br>ECO2FUME,\n\n\n\nFumigasyon hizmetlerimiz;\n\n\n\nKonteyner uygulamalar\u0131,<br>Depo uygulamalar\u0131.<br>\u00c7ad\u0131r alt\u0131 uygulamalar\u0131,<br>Gemi ambar\u0131 uygulamalar\u0131.<br>Gaz odalar\u0131 uygulamalar\u0131,\n\n\n\n","protected":false},"excerpt":{"rendered":"","protected":false},"author":1,"featured_media":0,"parent":0,"menu_order":0,"comment_status":"closed","ping_status":"closed","template":"full-width","meta":{"om_disable_all_campaigns":false,"_monsterinsights_skip_tracking":false,"_monsterinsights_sitenote_active":false,"_monsterinsights_sitenote_note":"","_monsterinsights_sitenote_category":0,"_themeisle_gutenberg_block_has_review":false,"footnotes":""},"aioseo_notices":[],"_links":{"self":[{"href":"https:\/\/gulfilaclama.com\/index.php\/wp-json\/wp\/v2\/pages\/134"}],"collection":[{"href":"https:\/\/gulfilaclama.com\/index.php\/wp-json\/wp\/v2\/pages"}],"about":[{"href":"https:\/\/gulfilaclama.com\/index.php\/wp-json\/wp\/v2\/types\/page"}],"author":[{"embeddable":true,"href":"https:\/\/gulfilaclama.com\/index.php\/wp-json\/wp\/v2\/users\/1"}],"replies":[{"embeddable":true,"href":"https:\/\/gulfilaclama.com\/index.php\/wp-json\/wp\/v2\/comments?post=134"}],"version-history":[{"count":5,"href":"https:\/\/gulfilaclama.com\/index.php\/wp-json\/wp\/v2\/pages\/134\/revisions"}],"predecessor-version":[{"id":166,"href":"https:\/\/gulfilaclama.com\/index.php\/wp-json\/wp\/v2\/pages\/134\/revisions\/166"}],"wp:attachment":[{"href":"https:\/\/gulfilaclama.com\/index.php\/wp-json\/wp\/v2\/media?parent=134"}],"curies":[{"name":"wp","href":"https:\/\/api.w.org\/{rel}","templated":true}]}}