{"id":104,"date":"2023-11-18T14:34:20","date_gmt":"2023-11-18T11:34:20","guid":{"rendered":"https:\/\/gulfilaclama.com\/index.php\/iletisim\/"},"modified":"2023-11-19T01:47:55","modified_gmt":"2023-11-18T22:47:55","slug":"iletisim","status":"publish","type":"page","link":"https:\/\/gulfilaclama.com\/index.php\/iletisim\/","title":{"rendered":"\u0130leti\u015fim"},"content":{"rendered":"\n\n\n\n\n\nM\u00fc\u015fteri Destek\n\n\n\n\n\nGereksinimlerinizi kar\u015f\u0131lamak i\u00e7in buraday\u0131z\n\n\n\n\n\n\n\n\n\n\n\n\n\n\n\n\n\n\n\n\n\n\n\n\u0130leti\u015fim Bilgileri\n\n\n\nBizimle ileti\u015fime ge\u00e7erek hizmetlerimiz hakk\u0131nda daha fazla bilgi edinebilir veya fiyat teklifi alabilirsiniz.\n\n\n\n\n\n\nBize Ula\u015f\u0131n\n\n\n\n\n\n\n\n\n\n\n","protected":false},"excerpt":{"rendered":"","protected":false},"author":1,"featured_media":0,"parent":0,"menu_order":0,"comment_status":"closed","ping_status":"closed","template":"full-width","meta":{"om_disable_all_campaigns":false,"_monsterinsights_skip_tracking":false,"_monsterinsights_sitenote_active":false,"_monsterinsights_sitenote_note":"","_monsterinsights_sitenote_category":0,"_themeisle_gutenberg_block_has_review":false,"footnotes":""},"aioseo_notices":[],"_links":{"self":[{"href":"https:\/\/gulfilaclama.com\/index.php\/wp-json\/wp\/v2\/pages\/104"}],"collection":[{"href":"https:\/\/gulfilaclama.com\/index.php\/wp-json\/wp\/v2\/pages"}],"about":[{"href":"https:\/\/gulfilaclama.com\/index.php\/wp-json\/wp\/v2\/types\/page"}],"author":[{"embeddable":true,"href":"https:\/\/gulfilaclama.com\/index.php\/wp-json\/wp\/v2\/users\/1"}],"replies":[{"embeddable":true,"href":"https:\/\/gulfilaclama.com\/index.php\/wp-json\/wp\/v2\/comments?post=104"}],"version-history":[{"count":5,"href":"https:\/\/gulfilaclama.com\/index.php\/wp-json\/wp\/v2\/pages\/104\/revisions"}],"predecessor-version":[{"id":243,"href":"https:\/\/gulfilaclama.com\/index.php\/wp-json\/wp\/v2\/pages\/104\/revisions\/243"}],"wp:attachment":[{"href":"https:\/\/gulfilaclama.com\/index.php\/wp-json\/wp\/v2\/media?parent=104"}],"curies":[{"name":"wp","href":"https:\/\/api.w.org\/{rel}","templated":true}]}}